{"id":1128,"date":"2024-07-10T17:35:52","date_gmt":"2024-07-10T17:35:52","guid":{"rendered":"https:\/\/codrii.acidstudios.ro\/?page_id=1128"},"modified":"2024-10-02T13:21:11","modified_gmt":"2024-10-02T10:21:11","slug":"cine-suntem","status":"publish","type":"page","link":"https:\/\/codrii.acidstudios.ro\/en\/cine-suntem\/","title":{"rendered":"Who we are"},"content":{"rendered":"<div data-elementor-type=\"wp-page\" data-elementor-id=\"1128\" class=\"elementor elementor-1128\" data-elementor-post-type=\"page\">\n\t\t\t\t<div class=\"elementor-element elementor-element-ab6ae2c e-flex e-con-boxed e-con e-parent\" data-id=\"ab6ae2c\" data-element_type=\"container\" data-settings=\"{&quot;background_background&quot;:&quot;classic&quot;}\">\n\t\t\t\t\t<div class=\"e-con-inner\">\n\t\t\t\t<div class=\"elementor-element elementor-element-3410f40 elementor-align-left elementor-widget elementor-widget-breadcrumbs\" data-id=\"3410f40\" data-element_type=\"widget\" data-widget_type=\"breadcrumbs.default\">\n\t\t\t\t<div class=\"elementor-widget-container\">\n\t\t\t<p id=\"breadcrumbs\"><span><span><a href=\"https:\/\/codrii.acidstudios.ro\/en\/\">Prima pagin\u0103<\/a><\/span><\/span><\/p>\t\t<\/div>\n\t\t\t\t<\/div>\n\t\t\t\t<div class=\"elementor-element elementor-element-98bf204 elementor-widget elementor-widget-text-editor\" data-id=\"98bf204\" data-element_type=\"widget\" data-widget_type=\"text-editor.default\">\n\t\t\t\t<div class=\"elementor-widget-container\">\n\t\t\t\t\t\t\t<p>Through the Codrii Ia\u0219ilor and the community of the group Codrii Ia\u0219ilor - we know, we cherish, we preserve we aim to make as many people as possible aware of the beauty and vastness of these forests and of every little corner of wild nature around our city. <br \/><br \/>Through knowledge we value them even more. And through long-term involvement, we protect this jewel of wildlife and beauty, a place to recreate and recharge.<\/p>\t\t\t\t\t\t<\/div>\n\t\t\t\t<\/div>\n\t\t\t\t\t<\/div>\n\t\t\t\t<\/div>\n\t\t\t\t<\/div>","protected":false},"excerpt":{"rendered":"<p>Prin Codrii Ia\u0219ilor \u0219i comunitatea din grupul Codrii Ia\u0219ilor &#8211; cunoa\u0219tem, pre\u021buim, p\u0103str\u0103m ne propunem s\u0103 cunoa\u0219tem \u00een numar cat mai mare frumuse\u021bea \u0219i vastitatea acestori p\u0103duri precum \u0219i a fiec\u0103rui col\u021bi\u0219or de natur\u0103 s\u0103lbatic\u0103 din jurul ora\u0219ului nostru. Prin cunoa\u0219tere le pre\u021buim \u0219i mai mult. \u0218i prin implicare pe termen lung, protej\u0103m aceasta bijuterie [&hellip;]<\/p>","protected":false},"author":1,"featured_media":0,"parent":0,"menu_order":0,"comment_status":"closed","ping_status":"closed","template":"elementor_header_footer","meta":{"footnotes":""},"class_list":["post-1128","page","type-page","status-publish","hentry"],"yoast_head":"<!-- This site is optimized with the Yoast SEO Premium plugin v23.7 (Yoast SEO v23.8) - https:\/\/yoast.com\/wordpress\/plugins\/seo\/ -->\n<title>Cine suntem - Codrii Ia\u0219ilor<\/title>\n<meta name=\"robots\" content=\"noindex, follow, max-snippet:-1, max-image-preview:large, max-video-preview:-1\" \/>\n<meta property=\"og:locale\" content=\"en_US\" \/>\n<meta property=\"og:type\" content=\"article\" \/>\n<meta property=\"og:title\" content=\"Cine suntem\" \/>\n<meta property=\"og:description\" content=\"Prin Codrii Ia\u0219ilor \u0219i comunitatea din grupul Codrii Ia\u0219ilor &#8211; cunoa\u0219tem, pre\u021buim, p\u0103str\u0103m ne propunem s\u0103 cunoa\u0219tem \u00een numar cat mai mare frumuse\u021bea \u0219i vastitatea acestori p\u0103duri precum \u0219i a fiec\u0103rui col\u021bi\u0219or de natur\u0103 s\u0103lbatic\u0103 din jurul ora\u0219ului nostru. Prin cunoa\u0219tere le pre\u021buim \u0219i mai mult. \u0218i prin implicare pe termen lung, protej\u0103m aceasta bijuterie [&hellip;]\" \/>\n<meta property=\"og:url\" content=\"https:\/\/codrii.acidstudios.ro\/en\/cine-suntem\/\" \/>\n<meta property=\"og:site_name\" content=\"Codrii Ia\u0219ilor\" \/>\n<meta property=\"article:modified_time\" content=\"2024-10-02T10:21:11+00:00\" \/>\n<meta name=\"twitter:card\" content=\"summary_large_image\" \/>\n<meta name=\"twitter:label1\" content=\"Est. reading time\" \/>\n\t<meta name=\"twitter:data1\" content=\"1 minute\" \/>\n<script type=\"application\/ld+json\" class=\"yoast-schema-graph\">{\"@context\":\"https:\/\/schema.org\",\"@graph\":[{\"@type\":\"WebPage\",\"@id\":\"https:\/\/codrii.acidstudios.ro\/cine-suntem\/\",\"url\":\"https:\/\/codrii.acidstudios.ro\/cine-suntem\/\",\"name\":\"Cine suntem - Codrii Ia\u0219ilor\",\"isPartOf\":{\"@id\":\"https:\/\/codrii.acidstudios.ro\/#website\"},\"datePublished\":\"2024-07-10T17:35:52+00:00\",\"dateModified\":\"2024-10-02T10:21:11+00:00\",\"breadcrumb\":{\"@id\":\"https:\/\/codrii.acidstudios.ro\/cine-suntem\/#breadcrumb\"},\"inLanguage\":\"en-US\",\"potentialAction\":[{\"@type\":\"ReadAction\",\"target\":[\"https:\/\/codrii.acidstudios.ro\/cine-suntem\/\"]}]},{\"@type\":\"BreadcrumbList\",\"@id\":\"https:\/\/codrii.acidstudios.ro\/cine-suntem\/#breadcrumb\",\"itemListElement\":[{\"@type\":\"ListItem\",\"position\":1,\"name\":\"Prima pagin\u0103\",\"item\":\"https:\/\/codrii.acidstudios.ro\/\"},{\"@type\":\"ListItem\",\"position\":2,\"name\":\"Cine suntem\"}]},{\"@type\":\"WebSite\",\"@id\":\"https:\/\/codrii.acidstudios.ro\/#website\",\"url\":\"https:\/\/codrii.acidstudios.ro\/\",\"name\":\"Codrii Ia\u0219ilor\",\"description\":\"\",\"publisher\":{\"@id\":\"https:\/\/codrii.acidstudios.ro\/#organization\"},\"potentialAction\":[{\"@type\":\"SearchAction\",\"target\":{\"@type\":\"EntryPoint\",\"urlTemplate\":\"https:\/\/codrii.acidstudios.ro\/?s={search_term_string}\"},\"query-input\":{\"@type\":\"PropertyValueSpecification\",\"valueRequired\":true,\"valueName\":\"search_term_string\"}}],\"inLanguage\":\"en-US\"},{\"@type\":\"Organization\",\"@id\":\"https:\/\/codrii.acidstudios.ro\/#organization\",\"name\":\"Codrii Ia\u0219ilor\",\"url\":\"https:\/\/codrii.acidstudios.ro\/\",\"logo\":{\"@type\":\"ImageObject\",\"inLanguage\":\"en-US\",\"@id\":\"https:\/\/codrii.acidstudios.ro\/#\/schema\/logo\/image\/\",\"url\":\"https:\/\/codrii.acidstudios.ro\/wp-content\/uploads\/2024\/04\/Asset-4@2x.png\",\"contentUrl\":\"https:\/\/codrii.acidstudios.ro\/wp-content\/uploads\/2024\/04\/Asset-4@2x.png\",\"width\":440,\"height\":616,\"caption\":\"Codrii Ia\u0219ilor\"},\"image\":{\"@id\":\"https:\/\/codrii.acidstudios.ro\/#\/schema\/logo\/image\/\"}}]}<\/script>\n<!-- \/ Yoast SEO Premium plugin. -->","yoast_head_json":{"title":"Cine suntem - Codrii Ia\u0219ilor","robots":{"index":"noindex","follow":"follow","max-snippet":"max-snippet:-1","max-image-preview":"max-image-preview:large","max-video-preview":"max-video-preview:-1"},"og_locale":"en_US","og_type":"article","og_title":"Cine suntem","og_description":"Prin Codrii Ia\u0219ilor \u0219i comunitatea din grupul Codrii Ia\u0219ilor &#8211; cunoa\u0219tem, pre\u021buim, p\u0103str\u0103m ne propunem s\u0103 cunoa\u0219tem \u00een numar cat mai mare frumuse\u021bea \u0219i vastitatea acestori p\u0103duri precum \u0219i a fiec\u0103rui col\u021bi\u0219or de natur\u0103 s\u0103lbatic\u0103 din jurul ora\u0219ului nostru. Prin cunoa\u0219tere le pre\u021buim \u0219i mai mult. \u0218i prin implicare pe termen lung, protej\u0103m aceasta bijuterie [&hellip;]","og_url":"https:\/\/codrii.acidstudios.ro\/en\/cine-suntem\/","og_site_name":"Codrii Ia\u0219ilor","article_modified_time":"2024-10-02T10:21:11+00:00","twitter_card":"summary_large_image","twitter_misc":{"Est. reading time":"1 minute"},"schema":{"@context":"https:\/\/schema.org","@graph":[{"@type":"WebPage","@id":"https:\/\/codrii.acidstudios.ro\/cine-suntem\/","url":"https:\/\/codrii.acidstudios.ro\/cine-suntem\/","name":"Cine suntem - Codrii Ia\u0219ilor","isPartOf":{"@id":"https:\/\/codrii.acidstudios.ro\/#website"},"datePublished":"2024-07-10T17:35:52+00:00","dateModified":"2024-10-02T10:21:11+00:00","breadcrumb":{"@id":"https:\/\/codrii.acidstudios.ro\/cine-suntem\/#breadcrumb"},"inLanguage":"en-US","potentialAction":[{"@type":"ReadAction","target":["https:\/\/codrii.acidstudios.ro\/cine-suntem\/"]}]},{"@type":"BreadcrumbList","@id":"https:\/\/codrii.acidstudios.ro\/cine-suntem\/#breadcrumb","itemListElement":[{"@type":"ListItem","position":1,"name":"Prima pagin\u0103","item":"https:\/\/codrii.acidstudios.ro\/"},{"@type":"ListItem","position":2,"name":"Cine suntem"}]},{"@type":"WebSite","@id":"https:\/\/codrii.acidstudios.ro\/#website","url":"https:\/\/codrii.acidstudios.ro\/","name":"Codrii Ia\u0219ilor","description":"","publisher":{"@id":"https:\/\/codrii.acidstudios.ro\/#organization"},"potentialAction":[{"@type":"SearchAction","target":{"@type":"EntryPoint","urlTemplate":"https:\/\/codrii.acidstudios.ro\/?s={search_term_string}"},"query-input":{"@type":"PropertyValueSpecification","valueRequired":true,"valueName":"search_term_string"}}],"inLanguage":"en-US"},{"@type":"Organization","@id":"https:\/\/codrii.acidstudios.ro\/#organization","name":"Codrii Ia\u0219ilor","url":"https:\/\/codrii.acidstudios.ro\/","logo":{"@type":"ImageObject","inLanguage":"en-US","@id":"https:\/\/codrii.acidstudios.ro\/#\/schema\/logo\/image\/","url":"https:\/\/codrii.acidstudios.ro\/wp-content\/uploads\/2024\/04\/Asset-4@2x.png","contentUrl":"https:\/\/codrii.acidstudios.ro\/wp-content\/uploads\/2024\/04\/Asset-4@2x.png","width":440,"height":616,"caption":"Codrii Ia\u0219ilor"},"image":{"@id":"https:\/\/codrii.acidstudios.ro\/#\/schema\/logo\/image\/"}}]}},"_links":{"self":[{"href":"https:\/\/codrii.acidstudios.ro\/en\/wp-json\/wp\/v2\/pages\/1128","targetHints":{"allow":["GET"]}}],"collection":[{"href":"https:\/\/codrii.acidstudios.ro\/en\/wp-json\/wp\/v2\/pages"}],"about":[{"href":"https:\/\/codrii.acidstudios.ro\/en\/wp-json\/wp\/v2\/types\/page"}],"author":[{"embeddable":true,"href":"https:\/\/codrii.acidstudios.ro\/en\/wp-json\/wp\/v2\/users\/1"}],"replies":[{"embeddable":true,"href":"https:\/\/codrii.acidstudios.ro\/en\/wp-json\/wp\/v2\/comments?post=1128"}],"version-history":[{"count":18,"href":"https:\/\/codrii.acidstudios.ro\/en\/wp-json\/wp\/v2\/pages\/1128\/revisions"}],"predecessor-version":[{"id":1825,"href":"https:\/\/codrii.acidstudios.ro\/en\/wp-json\/wp\/v2\/pages\/1128\/revisions\/1825"}],"wp:attachment":[{"href":"https:\/\/codrii.acidstudios.ro\/en\/wp-json\/wp\/v2\/media?parent=1128"}],"curies":[{"name":"wp","href":"https:\/\/api.w.org\/{rel}","templated":true}]}}