{"id":1082,"date":"2024-07-10T17:25:43","date_gmt":"2024-07-10T17:25:43","guid":{"rendered":"https:\/\/codrii.acidstudios.ro\/?page_id=1082"},"modified":"2024-10-02T13:05:52","modified_gmt":"2024-10-02T10:05:52","slug":"comunitate","status":"publish","type":"page","link":"https:\/\/codrii.acidstudios.ro\/en\/comunitate\/","title":{"rendered":"Community"},"content":{"rendered":"<div data-elementor-type=\"wp-page\" data-elementor-id=\"1082\" class=\"elementor elementor-1082\" data-elementor-post-type=\"page\">\n\t\t\t\t<div class=\"elementor-element elementor-element-57f2028 e-flex e-con-boxed e-con e-parent\" data-id=\"57f2028\" data-element_type=\"container\" data-settings=\"{&quot;background_background&quot;:&quot;classic&quot;}\">\n\t\t\t\t\t<div class=\"e-con-inner\">\n\t\t\t\t<div class=\"elementor-element elementor-element-bcf79a7 elementor-align-left elementor-widget elementor-widget-breadcrumbs\" data-id=\"bcf79a7\" data-element_type=\"widget\" data-widget_type=\"breadcrumbs.default\">\n\t\t\t\t<div class=\"elementor-widget-container\">\n\t\t\t<p id=\"breadcrumbs\"><span><span><a href=\"https:\/\/codrii.acidstudios.ro\/en\/\">Prima pagin\u0103<\/a><\/span><\/span><\/p>\t\t<\/div>\n\t\t\t\t<\/div>\n\t\t\t\t<div class=\"elementor-element elementor-element-7092f5e elementor-widget elementor-widget-text-editor\" data-id=\"7092f5e\" data-element_type=\"widget\" data-widget_type=\"text-editor.default\">\n\t\t\t\t<div class=\"elementor-widget-container\">\n\t\t\t\t\t\t\t<p>Lorem ipsum dolor sit amet, consectetur adipiscing elit. Ut elit tellus, luctus nec ullamcorper mattis, pulvinar dapibus leo.<\/p>\t\t\t\t\t\t<\/div>\n\t\t\t\t<\/div>\n\t\t\t\t<div class=\"elementor-element elementor-element-be31658 elementor-widget elementor-widget-button\" data-id=\"be31658\" data-element_type=\"widget\" data-widget_type=\"button.default\">\n\t\t\t\t<div class=\"elementor-widget-container\">\n\t\t\t\t\t\t\t<div class=\"elementor-button-wrapper\">\n\t\t\t\t\t<a class=\"elementor-button elementor-button-link elementor-size-sm\" href=\"https:\/\/www.facebook.com\/groups\/codrii.iasilor\">\n\t\t\t\t\t\t<span class=\"elementor-button-content-wrapper\">\n\t\t\t\t\t\t<span class=\"elementor-button-icon\">\n\t\t\t\t<svg aria-hidden=\"true\" class=\"e-font-icon-svg e-fas-users\" viewbox=\"0 0 640 512\" xmlns=\"http:\/\/www.w3.org\/2000\/svg\"><path d=\"M96 224c35.3 0 64-28.7 64-64s-28.7-64-64-64-64 28.7-64 64 28.7 64 64 64zm448 0c35.3 0 64-28.7 64-64s-28.7-64-64-64-64 28.7-64 64 28.7 64 64 64zm32 32h-64c-17.6 0-33.5 7.1-45.1 18.6 40.3 22.1 68.9 62 75.1 109.4h66c17.7 0 32-14.3 32-32v-32c0-35.3-28.7-64-64-64zm-256 0c61.9 0 112-50.1 112-112S381.9 32 320 32 208 82.1 208 144s50.1 112 112 112zm76.8 32h-8.3c-20.8 10-43.9 16-68.5 16s-47.6-6-68.5-16h-8.3C179.6 288 128 339.6 128 403.2V432c0 26.5 21.5 48 48 48h288c26.5 0 48-21.5 48-48v-28.8c0-63.6-51.6-115.2-115.2-115.2zm-223.7-13.4C161.5 263.1 145.6 256 128 256H64c-35.3 0-64 28.7-64 64v32c0 17.7 14.3 32 32 32h65.9c6.3-47.4 34.9-87.3 75.2-109.4z\"><\/path><\/svg>\t\t\t<\/span>\n\t\t\t\t\t\t\t\t\t<span class=\"elementor-button-text\">Hai \u00een grupul nostru<\/span>\n\t\t\t\t\t<\/span>\n\t\t\t\t\t<\/a>\n\t\t\t\t<\/div>\n\t\t\t\t\t\t<\/div>\n\t\t\t\t<\/div>\n\t\t\t\t\t<\/div>\n\t\t\t\t<\/div>\n\t\t<div class=\"elementor-element elementor-element-f3e316d e-flex e-con-boxed e-con e-parent\" data-id=\"f3e316d\" data-element_type=\"container\" data-settings=\"{&quot;background_background&quot;:&quot;classic&quot;}\">\n\t\t\t\t\t<div class=\"e-con-inner\">\n\t\t\t\t<div class=\"elementor-element elementor-element-9aa2b6c elementor-widget elementor-widget-heading\" data-id=\"9aa2b6c\" data-element_type=\"widget\" data-widget_type=\"heading.default\">\n\t\t\t\t<div class=\"elementor-widget-container\">\n\t\t\t<h4 class=\"elementor-heading-title elementor-size-default\">Ultimele Articole #Comunitate<\/h4>\t\t<\/div>\n\t\t\t\t<\/div>\n\t\t\t\t<div class=\"elementor-element elementor-element-b44579b elementor-widget elementor-widget-ucaddon_post_grid\" data-id=\"b44579b\" data-element_type=\"widget\" data-widget_type=\"ucaddon_post_grid.default\">\n\t\t\t\t<div class=\"elementor-widget-container\">\n\t\t\t\n<!-- start Post Grid -->\n\t\t<link id='font-awesome-css' href='https:\/\/codrii.acidstudios.ro\/wp-content\/plugins\/unlimited-elements-for-elementor-premium\/assets_libraries\/font-awesome6\/fontawesome-all.min.css' type='text\/css' rel='stylesheet' >\n\t\t<link id='font-awesome-4-shim-css' href='https:\/\/codrii.acidstudios.ro\/wp-content\/plugins\/unlimited-elements-for-elementor-premium\/assets_libraries\/font-awesome6\/fontawesome-v4-shims.min.css' type='text\/css' rel='stylesheet' >\n\n<style>\/* widget: Post Grid *\/\n\n\n\n#uc_post_grid_elementor_b44579b.uc_post_grid_style_one .uc_post_grid_style_one_wrap {\n   display:grid;\n}\n\n\n#uc_post_grid_elementor_b44579b .uc_post_grid_style_one_item\n{\n  position:relative;\n}\n\n#uc_post_grid_elementor_b44579b .uc_post_image\n{\n  transition:0.3s;\n  position:relative;\n  overflow:hidden;\n}\n\n#uc_post_grid_elementor_b44579b .uc_post_image img\n{\n  width:100%;\n  display:block;\n  transition:0.3s;\n}\n\n\n\t#uc_post_grid_elementor_b44579b .ue-item:hover .uc_post_image img\n    {\n      transform:scale(1.1,1.1);\n    }\n\t\n\n\n\n\n\n\n#uc_post_grid_elementor_b44579b .uc_post_image_overlay\n{\n  position:absolute;\n  top:0px;\n  left:0px;\n  height:100%;\n  width:100%;\n  transition:0.3s;\n}\n\n#uc_post_grid_elementor_b44579b .uc_more_btn-custom-field\n{\n  display:inline-block;\n  text-align:center;\n  text-decoration:none;\n  transition:0.3s;\n}\n\n#uc_post_grid_elementor_b44579b .uc_more_btn\n{\n  display:inline-block;\n  text-align:center;\n  text-decoration:none;\n  transition:0.3s;\n}\n\n.ue-grid-item-category a\n{\n  display:inline-block;\n  font-size:10px;\n  position: relative;\n  z-index: 1;\n}\n.uc_post_title\n{\n  font-size:21px;\n}\n\n\n\n#uc_post_grid_elementor_b44579b .ue_post_grid_item\n{\n  display:flex;\n  flex-direction:column;\n}\n\n#uc_post_grid_elementor_b44579b.uc_post_grid_style_one .uc_content{\n flex-grow:1;\n}\n\n#uc_post_grid_elementor_b44579b.uc_post_grid_style_one .uc_content > div\n{\n  height:100%;\n  display:flex;\n  flex-direction:column;\n  justify-content: space-between;}\n\n    #uc_post_grid_elementor_b44579b .uc_post_button\n   {\n     margin-top:auto;\n   }\n  \n\n\n\n\n\n\n\n\n\n\n\n\n\n\n\n\n\n\n\n\n\n\n#uc_post_grid_elementor_b44579b .ue-meta-data\n{\n  \n  display:flex;\n\n  flex-wrap: wrap;\n  line-height:1em;\n}\n\n#uc_post_grid_elementor_b44579b .ue-grid-item-meta-data\n{\n      display:inline-flex;\n      align-items:center;\n}\n\n#uc_post_grid_elementor_b44579b .ue-grid-item-meta-data a{\n  color:inherit;\n}\n\n.ue-grid-item-meta-data\n{\n  font-size:12px;\n}\n\n#uc_post_grid_elementor_b44579b .ue-grid-item-meta-data-icon\n{\n  line-height:1em;\n}\n\n#uc_post_grid_elementor_b44579b .ue-grid-item-meta-data-icon svg\n{\n  width:1em;\n  height:1em;\n}\n\n#uc_post_grid_elementor_b44579b .ue-debug-meta\n{\n  padding:10px;\n  border:1px solid red;\n  position:relative;\n  line-height:1.5em;\n  font-size:11px;\n  width:100%;\n}\n\n#uc_post_grid_elementor_b44579b .uc_btn_inner\n{\n  display:inline-flex;\n  align-items:center;\n}\n\n#uc_post_grid_elementor_b44579b .uc_btn_inner svg\n{\n  width:1em;\n  height:1em;\n}\n\n  #uc_post_grid_elementor_b44579b .ue_post_full_link{\n    position:absolute;\n    width:100%;\n    height:100%;\n    top:0;\n    left:0;\n  }\n\n\n\n<\/style>\n\n<div class=\"uc_post_grid_style_one uc-filterable-grid\" id=\"uc_post_grid_elementor_b44579b\"  data-ajax='true'  data-filterbehave='ajax'  querydata='{&quot;count_posts&quot;:0,&quot;total_posts&quot;:0,&quot;page&quot;:1,&quot;num_pages&quot;:1}' >\n\t\t<div class=\"uc_post_grid_style_one_wrap ue_post_grid uc-items-wrapper\">\n\t\t\t\n\t\t<\/div>\n\t<\/div>\n\n\n\n  <div id=\"uc_post_grid_elementor_b44579b_empty_message\" class=\"ue-no-posts-found\" >No posts found<\/div>\n\n\n<!-- end Post Grid -->\t\t<\/div>\n\t\t\t\t<\/div>\n\t\t\t\t<div class=\"elementor-element elementor-element-63a5589 elementor-widget elementor-widget-ucaddon_load_more_filter\" data-id=\"63a5589\" data-element_type=\"widget\" data-widget_type=\"ucaddon_load_more_filter.default\">\n\t\t\t\t<div class=\"elementor-widget-container\">\n\t\t\t\n<!-- start Load More \/ Infinite Scroll -->\n<style>\/* widget: Load More \/ Infinite Scroll *\/\n\n#uc_load_more_filter_elementor_63a5589.uc-ajax-loading{\n\topacity:1 !important;\n}\n\n#uc_load_more_filter_elementor_63a5589.uc-ajax-loading .uc-filter-load-more__loader{\n   display:inline-block !important;\n   color:#696969;\n}\n\n#uc_load_more_filter_elementor_63a5589 .uc-filter-load-more__link{\n  align-items: center;\n  justify-content: center;\n}\n\n\n#uc_load_more_filter_elementor_63a5589.uc-ajax-loading .uc-filter-load-more__link{\n   display:none;  \n}\n\n#uc_load_more_filter_elementor_63a5589  .uc-filter-load-more__link{\n  text-align:center;\n}\n\n#uc_load_more_filter_elementor_63a5589 .uc-load-more-wrapper{\n  display:inline-flex;\n  align-items:center;\n  justify-content:center;\n}\n\n<\/style>\n\n\n<div id=\"uc_load_more_filter_elementor_63a5589\" class=\"uc-grid-filter uc-filter-load-more\" data-numitems=\"3\" data-affect_single_grid=\"false\">\n  \n    \n<\/div>\n<!-- end Load More \/ Infinite Scroll -->\t\t<\/div>\n\t\t\t\t<\/div>\n\t\t\t\t\t<\/div>\n\t\t\t\t<\/div>\n\t\t\t\t<\/div>","protected":false},"excerpt":{"rendered":"<p>Lorem ipsum dolor sit amet, consectetur adipiscing elit. Ut elit tellus, luctus nec ullamcorper mattis, pulvinar dapibus leo. Hai \u00een grupul nostru Ultimele Articole #Comunitate \u00cen acest sf\u00e2r\u0219it de s\u0103pt\u0103m\u00e2n\u0103 leurd\u0103 e \u00een plin\u0103 floare! Prof&#8230; \u00cen acest sf\u00e2r\u0219it de s\u0103pt\u0103m\u00e2n\u0103 leurd\u0103 e \u00een plin\u0103 floare! Profita\u021bi de verde \u0219i de toate senza\u021biile pe care [&hellip;]<\/p>","protected":false},"author":1,"featured_media":0,"parent":0,"menu_order":0,"comment_status":"closed","ping_status":"closed","template":"elementor_header_footer","meta":{"footnotes":""},"class_list":["post-1082","page","type-page","status-publish","hentry"],"yoast_head":"<!-- This site is optimized with the Yoast SEO Premium plugin v23.7 (Yoast SEO v23.8) - https:\/\/yoast.com\/wordpress\/plugins\/seo\/ -->\n<title>Comunitate - Codrii Ia\u0219ilor<\/title>\n<meta name=\"robots\" content=\"noindex, follow, max-snippet:-1, max-image-preview:large, max-video-preview:-1\" \/>\n<meta property=\"og:locale\" content=\"en_US\" \/>\n<meta property=\"og:type\" content=\"article\" \/>\n<meta property=\"og:title\" content=\"Comunitate\" \/>\n<meta property=\"og:description\" content=\"Lorem ipsum dolor sit amet, consectetur adipiscing elit. Ut elit tellus, luctus nec ullamcorper mattis, pulvinar dapibus leo. Hai \u00een grupul nostru Ultimele Articole #Comunitate \u00cen acest sf\u00e2r\u0219it de s\u0103pt\u0103m\u00e2n\u0103 leurd\u0103 e \u00een plin\u0103 floare! Prof&#8230; \u00cen acest sf\u00e2r\u0219it de s\u0103pt\u0103m\u00e2n\u0103 leurd\u0103 e \u00een plin\u0103 floare! Profita\u021bi de verde \u0219i de toate senza\u021biile pe care [&hellip;]\" \/>\n<meta property=\"og:url\" content=\"https:\/\/codrii.acidstudios.ro\/en\/comunitate\/\" \/>\n<meta property=\"og:site_name\" content=\"Codrii Ia\u0219ilor\" \/>\n<meta property=\"article:modified_time\" content=\"2024-10-02T10:05:52+00:00\" \/>\n<meta property=\"og:image\" content=\"https:\/\/codrii.acidstudios.ro\/wp-content\/uploads\/2024\/04\/438814518_777781261118971_7710705203797381111_n.jpg\" \/>\n<meta name=\"twitter:card\" content=\"summary_large_image\" \/>\n<meta name=\"twitter:label1\" content=\"Est. reading time\" \/>\n\t<meta name=\"twitter:data1\" content=\"2 minutes\" \/>\n<script type=\"application\/ld+json\" class=\"yoast-schema-graph\">{\"@context\":\"https:\/\/schema.org\",\"@graph\":[{\"@type\":\"WebPage\",\"@id\":\"https:\/\/codrii.acidstudios.ro\/comunitate\/\",\"url\":\"https:\/\/codrii.acidstudios.ro\/comunitate\/\",\"name\":\"Comunitate - Codrii Ia\u0219ilor\",\"isPartOf\":{\"@id\":\"https:\/\/codrii.acidstudios.ro\/#website\"},\"primaryImageOfPage\":{\"@id\":\"https:\/\/codrii.acidstudios.ro\/comunitate\/#primaryimage\"},\"image\":{\"@id\":\"https:\/\/codrii.acidstudios.ro\/comunitate\/#primaryimage\"},\"thumbnailUrl\":\"https:\/\/codrii.acidstudios.ro\/wp-content\/uploads\/2024\/04\/438814518_777781261118971_7710705203797381111_n.jpg\",\"datePublished\":\"2024-07-10T17:25:43+00:00\",\"dateModified\":\"2024-10-02T10:05:52+00:00\",\"breadcrumb\":{\"@id\":\"https:\/\/codrii.acidstudios.ro\/comunitate\/#breadcrumb\"},\"inLanguage\":\"en-US\",\"potentialAction\":[{\"@type\":\"ReadAction\",\"target\":[\"https:\/\/codrii.acidstudios.ro\/comunitate\/\"]}]},{\"@type\":\"ImageObject\",\"inLanguage\":\"en-US\",\"@id\":\"https:\/\/codrii.acidstudios.ro\/comunitate\/#primaryimage\",\"url\":\"https:\/\/codrii.acidstudios.ro\/wp-content\/uploads\/2024\/04\/438814518_777781261118971_7710705203797381111_n.jpg\",\"contentUrl\":\"https:\/\/codrii.acidstudios.ro\/wp-content\/uploads\/2024\/04\/438814518_777781261118971_7710705203797381111_n.jpg\"},{\"@type\":\"BreadcrumbList\",\"@id\":\"https:\/\/codrii.acidstudios.ro\/comunitate\/#breadcrumb\",\"itemListElement\":[{\"@type\":\"ListItem\",\"position\":1,\"name\":\"Prima pagin\u0103\",\"item\":\"https:\/\/codrii.acidstudios.ro\/\"},{\"@type\":\"ListItem\",\"position\":2,\"name\":\"Comunitate\"}]},{\"@type\":\"WebSite\",\"@id\":\"https:\/\/codrii.acidstudios.ro\/#website\",\"url\":\"https:\/\/codrii.acidstudios.ro\/\",\"name\":\"Codrii Ia\u0219ilor\",\"description\":\"\",\"publisher\":{\"@id\":\"https:\/\/codrii.acidstudios.ro\/#organization\"},\"potentialAction\":[{\"@type\":\"SearchAction\",\"target\":{\"@type\":\"EntryPoint\",\"urlTemplate\":\"https:\/\/codrii.acidstudios.ro\/?s={search_term_string}\"},\"query-input\":{\"@type\":\"PropertyValueSpecification\",\"valueRequired\":true,\"valueName\":\"search_term_string\"}}],\"inLanguage\":\"en-US\"},{\"@type\":\"Organization\",\"@id\":\"https:\/\/codrii.acidstudios.ro\/#organization\",\"name\":\"Codrii Ia\u0219ilor\",\"url\":\"https:\/\/codrii.acidstudios.ro\/\",\"logo\":{\"@type\":\"ImageObject\",\"inLanguage\":\"en-US\",\"@id\":\"https:\/\/codrii.acidstudios.ro\/#\/schema\/logo\/image\/\",\"url\":\"https:\/\/codrii.acidstudios.ro\/wp-content\/uploads\/2024\/04\/Asset-4@2x.png\",\"contentUrl\":\"https:\/\/codrii.acidstudios.ro\/wp-content\/uploads\/2024\/04\/Asset-4@2x.png\",\"width\":440,\"height\":616,\"caption\":\"Codrii Ia\u0219ilor\"},\"image\":{\"@id\":\"https:\/\/codrii.acidstudios.ro\/#\/schema\/logo\/image\/\"}}]}<\/script>\n<!-- \/ Yoast SEO Premium plugin. -->","yoast_head_json":{"title":"Comunitate - Codrii Ia\u0219ilor","robots":{"index":"noindex","follow":"follow","max-snippet":"max-snippet:-1","max-image-preview":"max-image-preview:large","max-video-preview":"max-video-preview:-1"},"og_locale":"en_US","og_type":"article","og_title":"Comunitate","og_description":"Lorem ipsum dolor sit amet, consectetur adipiscing elit. Ut elit tellus, luctus nec ullamcorper mattis, pulvinar dapibus leo. Hai \u00een grupul nostru Ultimele Articole #Comunitate \u00cen acest sf\u00e2r\u0219it de s\u0103pt\u0103m\u00e2n\u0103 leurd\u0103 e \u00een plin\u0103 floare! Prof&#8230; \u00cen acest sf\u00e2r\u0219it de s\u0103pt\u0103m\u00e2n\u0103 leurd\u0103 e \u00een plin\u0103 floare! Profita\u021bi de verde \u0219i de toate senza\u021biile pe care [&hellip;]","og_url":"https:\/\/codrii.acidstudios.ro\/en\/comunitate\/","og_site_name":"Codrii Ia\u0219ilor","article_modified_time":"2024-10-02T10:05:52+00:00","og_image":[{"url":"https:\/\/codrii.acidstudios.ro\/wp-content\/uploads\/2024\/04\/438814518_777781261118971_7710705203797381111_n.jpg"}],"twitter_card":"summary_large_image","twitter_misc":{"Est. reading time":"2 minutes"},"schema":{"@context":"https:\/\/schema.org","@graph":[{"@type":"WebPage","@id":"https:\/\/codrii.acidstudios.ro\/comunitate\/","url":"https:\/\/codrii.acidstudios.ro\/comunitate\/","name":"Comunitate - Codrii Ia\u0219ilor","isPartOf":{"@id":"https:\/\/codrii.acidstudios.ro\/#website"},"primaryImageOfPage":{"@id":"https:\/\/codrii.acidstudios.ro\/comunitate\/#primaryimage"},"image":{"@id":"https:\/\/codrii.acidstudios.ro\/comunitate\/#primaryimage"},"thumbnailUrl":"https:\/\/codrii.acidstudios.ro\/wp-content\/uploads\/2024\/04\/438814518_777781261118971_7710705203797381111_n.jpg","datePublished":"2024-07-10T17:25:43+00:00","dateModified":"2024-10-02T10:05:52+00:00","breadcrumb":{"@id":"https:\/\/codrii.acidstudios.ro\/comunitate\/#breadcrumb"},"inLanguage":"en-US","potentialAction":[{"@type":"ReadAction","target":["https:\/\/codrii.acidstudios.ro\/comunitate\/"]}]},{"@type":"ImageObject","inLanguage":"en-US","@id":"https:\/\/codrii.acidstudios.ro\/comunitate\/#primaryimage","url":"https:\/\/codrii.acidstudios.ro\/wp-content\/uploads\/2024\/04\/438814518_777781261118971_7710705203797381111_n.jpg","contentUrl":"https:\/\/codrii.acidstudios.ro\/wp-content\/uploads\/2024\/04\/438814518_777781261118971_7710705203797381111_n.jpg"},{"@type":"BreadcrumbList","@id":"https:\/\/codrii.acidstudios.ro\/comunitate\/#breadcrumb","itemListElement":[{"@type":"ListItem","position":1,"name":"Prima pagin\u0103","item":"https:\/\/codrii.acidstudios.ro\/"},{"@type":"ListItem","position":2,"name":"Comunitate"}]},{"@type":"WebSite","@id":"https:\/\/codrii.acidstudios.ro\/#website","url":"https:\/\/codrii.acidstudios.ro\/","name":"Codrii Ia\u0219ilor","description":"","publisher":{"@id":"https:\/\/codrii.acidstudios.ro\/#organization"},"potentialAction":[{"@type":"SearchAction","target":{"@type":"EntryPoint","urlTemplate":"https:\/\/codrii.acidstudios.ro\/?s={search_term_string}"},"query-input":{"@type":"PropertyValueSpecification","valueRequired":true,"valueName":"search_term_string"}}],"inLanguage":"en-US"},{"@type":"Organization","@id":"https:\/\/codrii.acidstudios.ro\/#organization","name":"Codrii Ia\u0219ilor","url":"https:\/\/codrii.acidstudios.ro\/","logo":{"@type":"ImageObject","inLanguage":"en-US","@id":"https:\/\/codrii.acidstudios.ro\/#\/schema\/logo\/image\/","url":"https:\/\/codrii.acidstudios.ro\/wp-content\/uploads\/2024\/04\/Asset-4@2x.png","contentUrl":"https:\/\/codrii.acidstudios.ro\/wp-content\/uploads\/2024\/04\/Asset-4@2x.png","width":440,"height":616,"caption":"Codrii Ia\u0219ilor"},"image":{"@id":"https:\/\/codrii.acidstudios.ro\/#\/schema\/logo\/image\/"}}]}},"_links":{"self":[{"href":"https:\/\/codrii.acidstudios.ro\/en\/wp-json\/wp\/v2\/pages\/1082","targetHints":{"allow":["GET"]}}],"collection":[{"href":"https:\/\/codrii.acidstudios.ro\/en\/wp-json\/wp\/v2\/pages"}],"about":[{"href":"https:\/\/codrii.acidstudios.ro\/en\/wp-json\/wp\/v2\/types\/page"}],"author":[{"embeddable":true,"href":"https:\/\/codrii.acidstudios.ro\/en\/wp-json\/wp\/v2\/users\/1"}],"replies":[{"embeddable":true,"href":"https:\/\/codrii.acidstudios.ro\/en\/wp-json\/wp\/v2\/comments?post=1082"}],"version-history":[{"count":24,"href":"https:\/\/codrii.acidstudios.ro\/en\/wp-json\/wp\/v2\/pages\/1082\/revisions"}],"predecessor-version":[{"id":1780,"href":"https:\/\/codrii.acidstudios.ro\/en\/wp-json\/wp\/v2\/pages\/1082\/revisions\/1780"}],"wp:attachment":[{"href":"https:\/\/codrii.acidstudios.ro\/en\/wp-json\/wp\/v2\/media?parent=1082"}],"curies":[{"name":"wp","href":"https:\/\/api.w.org\/{rel}","templated":true}]}}